{"id":4998,"date":"2021-04-14T11:18:36","date_gmt":"2021-04-14T09:18:36","guid":{"rendered":"https:\/\/www.caffebar-tonci.hr\/shop\/?post_type=product&#038;p=4998"},"modified":"2023-05-19T15:15:29","modified_gmt":"2023-05-19T13:15:29","slug":"american-cheesecake","status":"publish","type":"product","link":"https:\/\/www.caffebar-tonci.hr\/shop\/product\/american-cheesecake\/","title":{"rendered":"American cheesecake"},"content":{"rendered":"<p><strong>SASTOJCI:<\/strong> jaja,\u010dokolada u prahu,\u0161e\u0107er,p\u0161eni\u010dno glatko bra\u0161no,biljna mast,dekstroza,mlije\u010dne bjelan\u010devine,tvari za rahljenje:450I-e500ii,sol, kakao maslac, mlijeko u prahu, emulgator(sojin lecitin),prirodna aroma vanilije, mlije\u010dno vrhnje,stabilizator E407,glukozno fruktozni sirup,pulpa od marelica,\u0161e\u0107er,tvar za \u017eeliranje:pektin,regulator kiselosti E330-E450III,konzervans E200,arome<\/p>\n<p><strong>Alergeni:<\/strong><\/p>\n<ul>\n<li>Sadr\u017ei mlijeko i mlije\u010dne derivate (ulju\u010divo laktozu).<\/li>\n<li>Sadr\u017ei jaja i proizvode od jaja.<\/li>\n<li>Sadr\u017ei soju i proizvode na bazi soje.<\/li>\n<li>Sadr\u017ei ko\u0161tuni\u010davo \u2013 ora\u0161asto vo\u0107e \u2013 lje\u0161njake.<\/li>\n<li>Sadr\u017ei \u017eitarice koje sadr\u017ee gluten.<\/li>\n<\/ul>\n<p><strong>Mo\u017ee sadr\u017eavati bademe, orahe, sjemenke sezama, kikiriki u tragovima<\/strong><\/p>\n","protected":false},"excerpt":{"rendered":"<p>U koliko \u017eelite naru\u010diti tortu s pokrivkom (slikom), molimo Vas da prilo\u017eite jednu po Va\u0161oj \u017eelji.<\/p>\n","protected":false},"featured_media":5003,"template":"","meta":[],"product_brand":[],"product_cat":[311],"product_tag":[],"class_list":{"0":"post-4998","1":"product","2":"type-product","3":"status-publish","4":"has-post-thumbnail","6":"product_cat-torte","8":"first","9":"instock","10":"shipping-taxable","11":"purchasable","12":"product-type-variable","13":"has-default-attributes"},"_links":{"self":[{"href":"https:\/\/www.caffebar-tonci.hr\/shop\/wp-json\/wp\/v2\/product\/4998","targetHints":{"allow":["GET"]}}],"collection":[{"href":"https:\/\/www.caffebar-tonci.hr\/shop\/wp-json\/wp\/v2\/product"}],"about":[{"href":"https:\/\/www.caffebar-tonci.hr\/shop\/wp-json\/wp\/v2\/types\/product"}],"wp:featuredmedia":[{"embeddable":true,"href":"https:\/\/www.caffebar-tonci.hr\/shop\/wp-json\/wp\/v2\/media\/5003"}],"wp:attachment":[{"href":"https:\/\/www.caffebar-tonci.hr\/shop\/wp-json\/wp\/v2\/media?parent=4998"}],"wp:term":[{"taxonomy":"product_brand","embeddable":true,"href":"https:\/\/www.caffebar-tonci.hr\/shop\/wp-json\/wp\/v2\/product_brand?post=4998"},{"taxonomy":"product_cat","embeddable":true,"href":"https:\/\/www.caffebar-tonci.hr\/shop\/wp-json\/wp\/v2\/product_cat?post=4998"},{"taxonomy":"product_tag","embeddable":true,"href":"https:\/\/www.caffebar-tonci.hr\/shop\/wp-json\/wp\/v2\/product_tag?post=4998"}],"curies":[{"name":"wp","href":"https:\/\/api.w.org\/{rel}","templated":true}]}}