{"id":4869,"date":"2021-02-08T10:41:57","date_gmt":"2021-02-08T09:41:57","guid":{"rendered":"https:\/\/caffebar-tonci.hr\/shop\/?post_type=product&#038;p=4869"},"modified":"2023-05-19T15:13:06","modified_gmt":"2023-05-19T13:13:06","slug":"snickers-torta","status":"publish","type":"product","link":"https:\/\/www.caffebar-tonci.hr\/shop\/product\/snickers-torta\/","title":{"rendered":"Snickers Torta"},"content":{"rendered":"<p><strong>SASTOJCI:<\/strong> mlije\u010dno vrhnje,stabilizator E407,potpuno hidrogenizirana biljna mast,sorbitol,mlje\u010dne bjelan\u010devine,stabilizatori E463-E340II,emulgatori E481,sojin lecitin,E472b,sol,aroma,bojaE160a, dehidrirani glukozni sirup, \u0161e\u0107er , \u017eivotinjska \u017eelatina (gove\u0111a),\u00a0 \u00a0mlijeko \u00a0\u00a0smanjene masno\u0107e prahu, \u0161krob, \u0161e\u0107er, modificirani \u0161krob, mlijeko \u00a0smanjene masno\u0107e u prah, mlije\u010dna sirutka u prahu, <strong>l<\/strong>aktoza<strong>,<\/strong>\u00a0 zgu\u0161njiva\u010d:E407, sol, arome, prehrambene boje: beta karoten-E171,jaja,biljne masti,glukozni sirup,kondenzirano za\u0161e\u0107ereno mlijeko,emulgator E471,regulator kiselosti E330,konzervans E202,zgu\u0161njiva\u010d agar-agar.<\/p>\n<p><strong>Alergeni:<\/strong><\/p>\n<ul>\n<li>Sadr\u017ei mlijeko i mlije\u010dne derivate (ulju\u010divo laktozu).<\/li>\n<li>Sadr\u017ei jaja i proizvode od jaja.<\/li>\n<li>Sadr\u017ei soju i proizvode na bazi soje.<\/li>\n<li>Sadr\u017ei ko\u0161tuni\u010davo \u2013 ora\u0161asto vo\u0107e \u2013 lje\u0161njake.<\/li>\n<li>Sadr\u017ei \u017eitarice koje sadr\u017ee gluten.<\/li>\n<\/ul>\n<p><strong>Mo\u017ee sadr\u017eavati bademe, orahe, sjemenke sezama, kikiriki u tragovima<\/strong><\/p>\n","protected":false},"excerpt":{"rendered":"<p>U koliko \u017eelite naru\u010diti tortu s pokrivkom (slikom), molimo Vas da prilo\u017eite jednu po Va\u0161oj \u017eelji.<\/p>\n","protected":false},"featured_media":4838,"template":"","meta":[],"product_brand":[],"product_cat":[311],"product_tag":[],"class_list":{"0":"post-4869","1":"product","2":"type-product","3":"status-publish","4":"has-post-thumbnail","6":"product_cat-torte","8":"first","9":"instock","10":"shipping-taxable","11":"purchasable","12":"product-type-variable","13":"has-default-attributes"},"_links":{"self":[{"href":"https:\/\/www.caffebar-tonci.hr\/shop\/wp-json\/wp\/v2\/product\/4869","targetHints":{"allow":["GET"]}}],"collection":[{"href":"https:\/\/www.caffebar-tonci.hr\/shop\/wp-json\/wp\/v2\/product"}],"about":[{"href":"https:\/\/www.caffebar-tonci.hr\/shop\/wp-json\/wp\/v2\/types\/product"}],"wp:featuredmedia":[{"embeddable":true,"href":"https:\/\/www.caffebar-tonci.hr\/shop\/wp-json\/wp\/v2\/media\/4838"}],"wp:attachment":[{"href":"https:\/\/www.caffebar-tonci.hr\/shop\/wp-json\/wp\/v2\/media?parent=4869"}],"wp:term":[{"taxonomy":"product_brand","embeddable":true,"href":"https:\/\/www.caffebar-tonci.hr\/shop\/wp-json\/wp\/v2\/product_brand?post=4869"},{"taxonomy":"product_cat","embeddable":true,"href":"https:\/\/www.caffebar-tonci.hr\/shop\/wp-json\/wp\/v2\/product_cat?post=4869"},{"taxonomy":"product_tag","embeddable":true,"href":"https:\/\/www.caffebar-tonci.hr\/shop\/wp-json\/wp\/v2\/product_tag?post=4869"}],"curies":[{"name":"wp","href":"https:\/\/api.w.org\/{rel}","templated":true}]}}