{"id":4803,"date":"2021-02-08T09:58:02","date_gmt":"2021-02-08T08:58:02","guid":{"rendered":"https:\/\/caffebar-tonci.hr\/shop\/?post_type=product&#038;p=4803"},"modified":"2023-05-19T15:09:56","modified_gmt":"2023-05-19T13:09:56","slug":"kinder-bueno","status":"publish","type":"product","link":"https:\/\/www.caffebar-tonci.hr\/shop\/product\/kinder-bueno\/","title":{"rendered":"Kinder Bueno"},"content":{"rendered":"<p><strong>SASTOJCI:<\/strong> jaja,p\u0161eni\u010dno bra\u0161no,\u010dokolada u prahu,emulgatori:E471,E472a,E472b,tvari za rahljenje E450I-E500II,zgu\u0161njiva\u010d E412,dehidrirani glukozni sirup, \u0161e\u0107er , \u017eivotinjska \u017eelatina (gove\u0111a),\u00a0 \u00a0mlijeko \u00a0\u00a0smanjene masno\u0107e prahu, \u0161krob, arome, \u00a0modificirani \u0161krob, , mlije\u010dna sirutka u prahu, laktoza<strong>,<\/strong> zgu\u0161njiva\u010d:E407, sol, arome, prehrambene boje: beta karoten-E171,biljno ulje,lje\u0161njaci komadi\u0107i vafer keksa,biljno ulje,ekstrat iz je\u010dmenog \u0161kroba,tvar za rahljenje E500,obrani kakao 10\/12% iz kakao maslaca,emulgator(sojin lecitin)arome,antioksidans:ekstrat ru\u017emarina, kakaova masa,\u0161e\u0107er,kakaov prah smanjene masti,prirodna aroma vanilije,bijela \u010dokolada,tvar za \u017eeliranje E440, prehrambena boja E171,konzervans E202,emulgator E435,regulator kiselosti E334, mlije\u010dno vrhnje,stabilizator E407,potpuno hidrogenizirana biljna mast,sorbitol,mlje\u010dne bjelan\u010devine,stabilizatori E463-E340II,emulgatori E481,sojin lecitin,E472b,sol,aroma,bojaE160a<\/p>\n<p><strong>Alergeni:<\/strong><\/p>\n<ul>\n<li>Sadr\u017ei mlijeko i mlije\u010dne derivate (ulju\u010divo laktozu).<\/li>\n<li>Sadr\u017ei jaja i proizvode od jaja.<\/li>\n<li>Sadr\u017ei soju i proizvode na bazi soje.<\/li>\n<li>Sadr\u017ei ko\u0161tuni\u010davo \u2013 ora\u0161asto vo\u0107e \u2013 lje\u0161njake.<\/li>\n<li>Sadr\u017ei \u017eitarice koje sadr\u017ee gluten.<\/li>\n<li>Mo\u017ee sadr\u017eavati bademe, orahe, sjemenke sezama, kikiriki u tragovima.<\/li>\n<\/ul>\n","protected":false},"excerpt":{"rendered":"<p>U koliko \u017eelite naru\u010diti tortu s pokrivkom (slikom), molimo Vas da prilo\u017eite jednu po Va\u0161oj \u017eelji.<\/p>\n","protected":false},"featured_media":4808,"template":"","meta":[],"product_brand":[],"product_cat":[311],"product_tag":[],"class_list":{"0":"post-4803","1":"product","2":"type-product","3":"status-publish","4":"has-post-thumbnail","6":"product_cat-torte","8":"first","9":"instock","10":"featured","11":"shipping-taxable","12":"purchasable","13":"product-type-variable","14":"has-default-attributes"},"_links":{"self":[{"href":"https:\/\/www.caffebar-tonci.hr\/shop\/wp-json\/wp\/v2\/product\/4803","targetHints":{"allow":["GET"]}}],"collection":[{"href":"https:\/\/www.caffebar-tonci.hr\/shop\/wp-json\/wp\/v2\/product"}],"about":[{"href":"https:\/\/www.caffebar-tonci.hr\/shop\/wp-json\/wp\/v2\/types\/product"}],"wp:featuredmedia":[{"embeddable":true,"href":"https:\/\/www.caffebar-tonci.hr\/shop\/wp-json\/wp\/v2\/media\/4808"}],"wp:attachment":[{"href":"https:\/\/www.caffebar-tonci.hr\/shop\/wp-json\/wp\/v2\/media?parent=4803"}],"wp:term":[{"taxonomy":"product_brand","embeddable":true,"href":"https:\/\/www.caffebar-tonci.hr\/shop\/wp-json\/wp\/v2\/product_brand?post=4803"},{"taxonomy":"product_cat","embeddable":true,"href":"https:\/\/www.caffebar-tonci.hr\/shop\/wp-json\/wp\/v2\/product_cat?post=4803"},{"taxonomy":"product_tag","embeddable":true,"href":"https:\/\/www.caffebar-tonci.hr\/shop\/wp-json\/wp\/v2\/product_tag?post=4803"}],"curies":[{"name":"wp","href":"https:\/\/api.w.org\/{rel}","templated":true}]}}