{"id":4797,"date":"2021-02-08T09:54:29","date_gmt":"2021-02-08T08:54:29","guid":{"rendered":"https:\/\/caffebar-tonci.hr\/shop\/?post_type=product&#038;p=4797"},"modified":"2024-10-20T01:01:11","modified_gmt":"2024-10-19T23:01:11","slug":"raffaelo-torta","status":"publish","type":"product","link":"https:\/\/www.caffebar-tonci.hr\/shop\/product\/raffaelo-torta\/","title":{"rendered":"Raffaelo torta"},"content":{"rendered":"<p>SASTOJCI: jaja,p\u0161eni\u010dno bra\u0161no,emulgatori:E471,E475,tvari za rahljenje E450I-E500II,zgu\u0161njiva\u010d E412,dekstroza,prehrambena boja E160,mlije\u010dno vrhnje,stabilizator E407,potpuno hidrogenizirana biljna mast,sorbitol,mlje\u010dne bjelan\u010devine,stabilizatori E463-E340II,emulgatori E481,sojin lecitin,E472b,sol,aroma,bojaE160a, dehidrirani glukozni sirup, \u0161e\u0107er , \u017eivotinjska \u017eelatina (gove\u0111a), mlijeko smanjene masno\u0107e prahu, \u0161krob, \u0161e\u0107er, modificirani \u0161krob, mlijeko smanjene masno\u0107e u prah, mlije\u010dna sirutka u prahu, laktoza, zgu\u0161njiva\u010d:E407, sol, arome, prehrambene boje: beta karoten-E171, osu\u0161ene mrvice kokosa,alkohol,arome,bademi,emulgator(sojin lecitin),biljna mast(palma)mlijeko u prahu.<\/p>\n<p>Alergeni:<\/p>\n<ul>\n<li>Sadr\u017ei mlijeko i mlije\u010dne derivate (ulju\u010divo laktozu).<\/li>\n<li>Sadr\u017ei jaja i proizvode od jaja.<\/li>\n<li>Sadr\u017ei soju i proizvode na bazi soje.<\/li>\n<li>Sadr\u017ei ko\u0161tuni\u010davo \u2013 ora\u0161asto vo\u0107e \u2013 lje\u0161njake.<\/li>\n<li>Sadr\u017ei \u017eitarice koje sadr\u017ee gluten.<\/li>\n<\/ul>\n<p><strong>Mo\u017ee sadr\u017eavati bademe, orahe, sjemenke sezama, kikiriki u tragovima<\/strong><\/p>\n","protected":false},"excerpt":{"rendered":"<p>U koliko \u017eelite naru\u010diti tortu s pokrivkom (slikom), molimo Vas da prilo\u017eite jednu po Va\u0161oj \u017eelji.<\/p>\n","protected":false},"featured_media":4802,"template":"","meta":[],"product_brand":[],"product_cat":[311],"product_tag":[],"class_list":{"0":"post-4797","1":"product","2":"type-product","3":"status-publish","4":"has-post-thumbnail","6":"product_cat-torte","8":"first","9":"instock","10":"featured","11":"shipping-taxable","12":"purchasable","13":"product-type-variable","14":"has-default-attributes"},"_links":{"self":[{"href":"https:\/\/www.caffebar-tonci.hr\/shop\/wp-json\/wp\/v2\/product\/4797","targetHints":{"allow":["GET"]}}],"collection":[{"href":"https:\/\/www.caffebar-tonci.hr\/shop\/wp-json\/wp\/v2\/product"}],"about":[{"href":"https:\/\/www.caffebar-tonci.hr\/shop\/wp-json\/wp\/v2\/types\/product"}],"wp:featuredmedia":[{"embeddable":true,"href":"https:\/\/www.caffebar-tonci.hr\/shop\/wp-json\/wp\/v2\/media\/4802"}],"wp:attachment":[{"href":"https:\/\/www.caffebar-tonci.hr\/shop\/wp-json\/wp\/v2\/media?parent=4797"}],"wp:term":[{"taxonomy":"product_brand","embeddable":true,"href":"https:\/\/www.caffebar-tonci.hr\/shop\/wp-json\/wp\/v2\/product_brand?post=4797"},{"taxonomy":"product_cat","embeddable":true,"href":"https:\/\/www.caffebar-tonci.hr\/shop\/wp-json\/wp\/v2\/product_cat?post=4797"},{"taxonomy":"product_tag","embeddable":true,"href":"https:\/\/www.caffebar-tonci.hr\/shop\/wp-json\/wp\/v2\/product_tag?post=4797"}],"curies":[{"name":"wp","href":"https:\/\/api.w.org\/{rel}","templated":true}]}}