{"id":1038,"date":"2018-10-26T10:05:11","date_gmt":"2018-10-26T10:05:11","guid":{"rendered":"http:\/\/dolcino.mikado-themes.com\/?post_type=product&#038;p=1038"},"modified":"2023-05-19T15:18:03","modified_gmt":"2023-05-19T13:18:03","slug":"torta-ledeni-vjetar","status":"publish","type":"product","link":"https:\/\/www.caffebar-tonci.hr\/shop\/product\/torta-ledeni-vjetar\/","title":{"rendered":"Torta Ledeni vjetar"},"content":{"rendered":"<p><strong>SASTOJCI:<\/strong> jaja, vrhnje, limun, \u0161e\u0107er, banane, vi\u0161nje, \u017eivotinjska \u017eelatina (gove\u0111a), \u0161krob, punomasno mlijeko u prahu, mlijeko smanjene masno\u0107e u prahu, sorbitol, mlije\u010dne bjelan\u010devine, hidrogenizirana biljna mast, biljno ulje (kokosovo, palmino), modificirani \u0161krob, sumpor dioksid, dehidrirani glukozni sirup, zgu\u0161njiva\u010d: E-463, E-340ii, E407 (karagenan), arome, prehrambene boje: (E-160 a, beta karoten, kurkuma). Emulgatori: (E-48, sojin lecitin, E-472b), konzervans E202.<\/p>\n<p><strong>Alergeni:<\/strong><\/p>\n<ul>\n<li><strong>Sadr\u017ei soju i proizvode na bazi soje.<\/strong><\/li>\n<li><strong>Sadr\u017ei mlijeko i mlije\u010dne derivate (uklju\u010divo laktozu).<\/strong><\/li>\n<li><strong>Sadr\u017ei jaja i proizvode od jaja.<\/strong><\/li>\n<li><strong>Sadr\u017ei sumporni dioksid.<\/strong><\/li>\n<li><strong>Mo\u017ee sadr\u017eavati gluten i ora\u0161asto vo\u0107e u tragovima<\/strong>.<\/li>\n<\/ul>\n","protected":false},"excerpt":{"rendered":"<p>U koliko \u017eelite naru\u010diti tortu s pokrivkom (slikom), molimo Vas da prilo\u017eite jednu po Va\u0161oj \u017eelji.<\/p>\n","protected":false},"featured_media":4667,"template":"","meta":[],"product_brand":[],"product_cat":[311],"product_tag":[],"class_list":{"0":"post-1038","1":"product","2":"type-product","3":"status-publish","4":"has-post-thumbnail","6":"product_cat-torte","8":"first","9":"instock","10":"featured","11":"shipping-taxable","12":"purchasable","13":"product-type-variable","14":"has-default-attributes"},"_links":{"self":[{"href":"https:\/\/www.caffebar-tonci.hr\/shop\/wp-json\/wp\/v2\/product\/1038","targetHints":{"allow":["GET"]}}],"collection":[{"href":"https:\/\/www.caffebar-tonci.hr\/shop\/wp-json\/wp\/v2\/product"}],"about":[{"href":"https:\/\/www.caffebar-tonci.hr\/shop\/wp-json\/wp\/v2\/types\/product"}],"wp:featuredmedia":[{"embeddable":true,"href":"https:\/\/www.caffebar-tonci.hr\/shop\/wp-json\/wp\/v2\/media\/4667"}],"wp:attachment":[{"href":"https:\/\/www.caffebar-tonci.hr\/shop\/wp-json\/wp\/v2\/media?parent=1038"}],"wp:term":[{"taxonomy":"product_brand","embeddable":true,"href":"https:\/\/www.caffebar-tonci.hr\/shop\/wp-json\/wp\/v2\/product_brand?post=1038"},{"taxonomy":"product_cat","embeddable":true,"href":"https:\/\/www.caffebar-tonci.hr\/shop\/wp-json\/wp\/v2\/product_cat?post=1038"},{"taxonomy":"product_tag","embeddable":true,"href":"https:\/\/www.caffebar-tonci.hr\/shop\/wp-json\/wp\/v2\/product_tag?post=1038"}],"curies":[{"name":"wp","href":"https:\/\/api.w.org\/{rel}","templated":true}]}}