{"id":1059,"date":"2018-10-26T10:37:49","date_gmt":"2018-10-26T10:37:49","guid":{"rendered":"http:\/\/dolcino.mikado-themes.com\/?page_id=1059"},"modified":"2023-06-27T00:58:24","modified_gmt":"2023-06-26T22:58:24","slug":"kontakt","status":"publish","type":"page","link":"https:\/\/www.caffebar-tonci.hr\/shop\/kontakt\/","title":{"rendered":"Kontakt"},"content":{"rendered":"<p>[vc_row][vc_column]<div class=\"mkdf-separator-holder clearfix  mkdf-separator-center mkdf-separator-center \">\n\t<div class=\"mkdf-separator\" style=\"border-color: #dd9933;border-style: solid;margin-top: 3%;margin-bottom: 0%\">\n            <\/div>\n<\/div>\n[vc_single_image image=&#8221;4296&#8243; img_size=&#8221;full&#8221; alignment=&#8221;center&#8221;]<div class=\"mkdf-separator-holder clearfix  mkdf-separator-center mkdf-separator-center \">\n\t<div class=\"mkdf-separator\" style=\"border-color: #dd9933;border-style: solid;margin-top: 0%;margin-bottom: 2%\">\n            <\/div>\n<\/div>\n[vc_gmaps link=&#8221;#E-8_JTNDaWZyYW1lJTIwc3JjJTNEJTIyaHR0cHMlM0ElMkYlMkZ3d3cuZ29vZ2xlLmNvbSUyRm1hcHMlMkZlbWJlZCUzRnBiJTNEJTIxMW0xNCUyMTFtOCUyMTFtMyUyMTFkMzU5LjEzNzUyMTQyMTk5MzU0JTIxMmQxNS40NDE3OTExJTIxM2Q0My45MzY2MDA1JTIxM20yJTIxMWkxMDI0JTIxMmk3NjglMjE0ZjEzLjElMjEzbTMlMjExbTIlMjExczB4MTMzNGNhYzU0YWE1NDMwZCUyNTNBMHg5MGU1MTAxMTM0NTAxYmRiJTIxMnNDb2ZmZWUlMjUyMGJhciUyNTIwVG9uY2klMjE1ZTAlMjEzbTIlMjExc2VuJTIxMnNociUyMTR2MTU4OTc5NTQ4MzY2MiUyMTVtMiUyMTFzZW4lMjEyc2hyJTIyJTIwd2lkdGglM0QlMjIxMDAlMjUlMjIlMjBoZWlnaHQlM0QlMjI0NTAlMjIlMjBmcmFtZWJvcmRlciUzRCUyMjAlMjIlMjBzdHlsZSUzRCUyMmJvcmRlciUzQTAlM0IlMjIlMjBhbGxvd2Z1bGxzY3JlZW4lM0QlMjIlMjIlMjBhcmlhLWhpZGRlbiUzRCUyMmZhbHNlJTIyJTIwdGFiaW5kZXglM0QlMjIwJTIyJTNFJTNDJTJGaWZyYW1lJTNF&#8221;][\/vc_column][\/vc_row][vc_row row_content_width=&#8221;grid&#8221; css=&#8221;.vc_custom_1540983375562{padding-top: 160px !important;padding-bottom: 160px !important;}&#8221;][vc_column offset=&#8221;vc_col-lg-4 vc_col-md-12&#8243;][vc_single_image image=&#8221;4580&#8243; img_size=&#8221;full&#8221; css=&#8221;.vc_custom_1589796591566{margin-top: 20px !important;}&#8221;][\/vc_column][vc_column offset=&#8221;vc_col-lg-8 vc_col-md-12&#8243;]<div class=\"mkdf-elements-holder   mkdf-one-column  mkdf-responsive-mode-768 \" ><div class=\"mkdf-eh-item    \"  data-item-class=\"mkdf-eh-custom-5702\" data-1025-1366=\"15px 0 0 35px\" data-769-1024=\"50px 0 0\" data-681-768=\"50px 0 0\" data-680=\"50px 0 0\">\n\t<div class=\"mkdf-eh-item-inner\">\n\t\t<div class=\"mkdf-eh-item-content mkdf-eh-custom-5702\" style=\"padding: 0px 0 0 35px\">\n\t\t\t[vc_column_text]<\/p>\n<h3>Slasti\u010darnica Ton\u010di<\/h3>\n<p>[\/vc_column_text]<div class=\"mkdf-separator-holder clearfix  mkdf-separator-left mkdf-separator-advanced-left mkdf-separator-advanced\">\n\t<div class=\"mkdf-separator\" style=\"margin-top: 32px;margin-bottom: 1px\">\n                    <div class=\"mkdf-adv-sep-inner\">\n                <div class=\"mkdf-adv-sep-line\"  ><\/div>\n                <div class=\"mkdf-adv-sep-dot\"  ><\/div>\n            <\/div>\n            <\/div>\n<\/div>\n[vc_column_text]<\/p>\n<h6>Dragi na\u0161i klijenti i prijatelji, budite slobodni nas kontaktirati za sve upite o na\u0161im proizvodima i narud\u017ebama koje imate. Slasti\u010darnica Ton\u010di je tu za Vas svaki dan.<\/h6>\n<h6 style=\"text-align: center;\"><strong>Narud\u017ebe se zaprimaju od 08:00 do 15:00 sati<\/strong><\/h6>\n<p>[\/vc_column_text]\t\t<\/div>\n\t<\/div>\n<\/div><\/div>[vc_empty_space height=&#8221;33px&#8221;]<div class=\"mkdf-elements-holder   mkdf-two-columns  mkdf-responsive-mode-768 \" ><div class=\"mkdf-eh-item  mkdf-vertical-alignment-top  \"  data-item-class=\"mkdf-eh-custom-9270\" data-769-1024=\"0 0 0 0\" data-681-768=\"0 0 50px\" data-680=\"0 0 50px\">\n\t<div class=\"mkdf-eh-item-inner\">\n\t\t<div class=\"mkdf-eh-item-content mkdf-eh-custom-9270\" style=\"padding: 0 0 0 35px\">\n\t\t\t<div class=\"mkdf-iwt clearfix  mkdf-iwt-icon-left mkdf-iwt-icon-medium\">\n\t<div class=\"mkdf-iwt-icon\">\n\t\t\t\t\t<a itemprop=\"url\" href=\"https:\/\/www.google.rs\/maps\/place\/Friedrichstra%C3%9Fe+123,+10117+Berlin,+Germany\/@52.5262858,13.3847186,17z\/data=!3m1!4b1!4m5!3m4!1s0x47a851e97904702b:0x373576e4b6f0ad05!8m2!3d52.5262858!4d13.3869073?hl=en\" target=\"_blank\">\n\t\t\t\t\t\t\t\t\t        <span class=\"mkdf-icon-shortcode mkdf-normal   mkdf-icon-medium\"  data-color=\"#c19d56\">\n                            <span aria-hidden=\"true\" class=\"mkdf-icon-linear-icons lnr lnr-home mkdf-icon-element\" style=\"color: #c19d56;font-size:26px\" ><\/span>                    <\/span>\n\t\t\t\t\t\t\t\t<\/a>\n\t\t\t<\/div>\n\t<div class=\"mkdf-iwt-content\" >\n\t\t\t\t\t<p class=\"mkdf-iwt-title\" style=\"margin-top: 11px\">\n\t\t\t\t\t\t\t\t\t<a itemprop=\"url\" href=\"https:\/\/www.google.rs\/maps\/place\/Friedrichstra%C3%9Fe+123,+10117+Berlin,+Germany\/@52.5262858,13.3847186,17z\/data=!3m1!4b1!4m5!3m4!1s0x47a851e97904702b:0x373576e4b6f0ad05!8m2!3d52.5262858!4d13.3869073?hl=en\" target=\"_blank\">\n\t\t\t\t\t\t\t\t<span class=\"mkdf-iwt-title-text\">Obala Kralja Petra Kre\u0161imira IV. 5, Biograd na Moru 23210<\/span>\n\t\t\t\t\t\t\t\t\t<\/a>\n\t\t\t\t\t\t\t<\/p>\n\t\t\t\t\t<\/div>\n<\/div>[vc_empty_space height=&#8221;12px&#8221;]<div class=\"mkdf-iwt clearfix  mkdf-iwt-icon-left mkdf-iwt-icon-medium\">\n\t<div class=\"mkdf-iwt-icon\">\n\t\t\t\t\t<a itemprop=\"url\" href=\"tel:+385%2099%206772%20723\" target=\"_self\">\n\t\t\t\t\t\t\t\t\t        <span class=\"mkdf-icon-shortcode mkdf-normal   mkdf-icon-medium\"  data-color=\"#c19d56\">\n                            <span aria-hidden=\"true\" class=\"mkdf-icon-linear-icons lnr lnr-phone-handset mkdf-icon-element\" style=\"color: #c19d56;font-size:26px\" ><\/span>                    <\/span>\n\t\t\t\t\t\t\t\t<\/a>\n\t\t\t<\/div>\n\t<div class=\"mkdf-iwt-content\" >\n\t\t\t\t\t<p class=\"mkdf-iwt-title\" style=\"margin-top: 11px\">\n\t\t\t\t\t\t\t\t\t<a itemprop=\"url\" href=\"tel:+385%2099%206772%20723\" target=\"_self\">\n\t\t\t\t\t\t\t\t<span class=\"mkdf-iwt-title-text\">+385 98 9479 019<\/span>\n\t\t\t\t\t\t\t\t\t<\/a>\n\t\t\t\t\t\t\t<\/p>\n\t\t\t\t\t<\/div>\n<\/div>\t\t<\/div>\n\t<\/div>\n<\/div><div class=\"mkdf-eh-item  mkdf-vertical-alignment-top  \"  data-item-class=\"mkdf-eh-custom-8842\" data-680=\"0 0\">\n\t<div class=\"mkdf-eh-item-inner\">\n\t\t<div class=\"mkdf-eh-item-content mkdf-eh-custom-8842\" >\n\t\t\t<div class=\"mkdf-iwt clearfix  mkdf-iwt-icon-left mkdf-iwt-icon-medium\">\n\t<div class=\"mkdf-iwt-icon\">\n\t\t\t\t\t<a itemprop=\"url\" href=\"mailto:mario.sangulin@gmail.com\" target=\"_self\">\n\t\t\t\t\t\t\t\t\t        <span class=\"mkdf-icon-shortcode mkdf-normal   mkdf-icon-medium\"  data-color=\"#c19d56\">\n                            <span aria-hidden=\"true\" class=\"mkdf-icon-linear-icons lnr lnr-envelope mkdf-icon-element\" style=\"color: #c19d56;font-size:26px\" ><\/span>                    <\/span>\n\t\t\t\t\t\t\t\t<\/a>\n\t\t\t<\/div>\n\t<div class=\"mkdf-iwt-content\" >\n\t\t\t\t\t<p class=\"mkdf-iwt-title\" style=\"margin-top: 11px\">\n\t\t\t\t\t\t\t\t\t<a itemprop=\"url\" href=\"mailto:mario.sangulin@gmail.com\" target=\"_self\">\n\t\t\t\t\t\t\t\t<span class=\"mkdf-iwt-title-text\">mario.sangulin@gmail.com<\/span>\n\t\t\t\t\t\t\t\t\t<\/a>\n\t\t\t\t\t\t\t<\/p>\n\t\t\t\t\t<\/div>\n<\/div>[vc_empty_space height=&#8221;12px&#8221;]<div class=\"mkdf-iwt clearfix  mkdf-iwt-icon-left mkdf-iwt-icon-medium\">\n\t<div class=\"mkdf-iwt-icon\">\n\t\t\t\t\t<a itemprop=\"url\" href=\"http:\/\/www.caffebar-tonci.hr\" target=\"_self\">\n\t\t\t\t\t\t\t\t\t        <span class=\"mkdf-icon-shortcode mkdf-normal   mkdf-icon-medium\"  data-color=\"#c19d56\">\n                            <span aria-hidden=\"true\" class=\"mkdf-icon-linear-icons lnr lnr-laptop-phone mkdf-icon-element\" style=\"color: #c19d56;font-size:26px\" ><\/span>                    <\/span>\n\t\t\t\t\t\t\t\t<\/a>\n\t\t\t<\/div>\n\t<div class=\"mkdf-iwt-content\" >\n\t\t\t\t\t<p class=\"mkdf-iwt-title\" style=\"margin-top: 11px\">\n\t\t\t\t\t\t\t\t\t<a itemprop=\"url\" href=\"http:\/\/www.caffebar-tonci.hr\" target=\"_self\">\n\t\t\t\t\t\t\t\t<span class=\"mkdf-iwt-title-text\">www.caffebar-tonci.hr<\/span>\n\t\t\t\t\t\t\t\t\t<\/a>\n\t\t\t\t\t\t\t<\/p>\n\t\t\t\t\t<\/div>\n<\/div>\t\t<\/div>\n\t<\/div>\n<\/div><\/div>[\/vc_column][\/vc_row]<\/p>\n","protected":false},"excerpt":{"rendered":"<p>[vc_row][vc_column][vc_single_image image=&#8221;4296&#8243; img_size=&#8221;full&#8221; alignment=&#8221;center&#8221;][vc_gmaps link=&#8221;#E-8_JTNDaWZyYW1lJTIwc3JjJTNEJTIyaHR0cHMlM0ElMkYlMkZ3d3cuZ29vZ2xlLmNvbSUyRm1hcHMlMkZlbWJlZCUzRnBiJTNEJTIxMW0xNCUyMTFtOCUyMTFtMyUyMTFkMzU5LjEzNzUyMTQyMTk5MzU0JTIxMmQxNS40NDE3OTExJTIxM2Q0My45MzY2MDA1JTIxM20yJTIxMWkxMDI0JTIxMmk3NjglMjE0ZjEzLjElMjEzbTMlMjExbTIlMjExczB4MTMzNGNhYzU0YWE1NDMwZCUyNTNBMHg5MGU1MTAxMTM0NTAxYmRiJTIxMnNDb2ZmZWUlMjUyMGJhciUyNTIwVG9uY2klMjE1ZTAlMjEzbTIlMjExc2VuJTIxMnNociUyMTR2MTU4OTc5NTQ4MzY2MiUyMTVtMiUyMTFzZW4lMjEyc2hyJTIyJTIwd2lkdGglM0QlMjIxMDAlMjUlMjIlMjBoZWlnaHQlM0QlMjI0NTAlMjIlMjBmcmFtZWJvcmRlciUzRCUyMjAlMjIlMjBzdHlsZSUzRCUyMmJvcmRlciUzQTAlM0IlMjIlMjBhbGxvd2Z1bGxzY3JlZW4lM0QlMjIlMjIlMjBhcmlhLWhpZGRlbiUzRCUyMmZhbHNlJTIyJTIwdGFiaW5kZXglM0QlMjIwJTIyJTNFJTNDJTJGaWZyYW1lJTNF&#8221;][\/vc_column][\/vc_row][vc_row row_content_width=&#8221;grid&#8221; css=&#8221;.vc_custom_1540983375562{padding-top: 160px !important;padding-bottom: 160px !important;}&#8221;][vc_column offset=&#8221;vc_col-lg-4 vc_col-md-12&#8243;][vc_single_image image=&#8221;4580&#8243; img_size=&#8221;full&#8221; css=&#8221;.vc_custom_1589796591566{margin-top: 20px !important;}&#8221;][\/vc_column][vc_column offset=&#8221;vc_col-lg-8 vc_col-md-12&#8243;][vc_empty_space height=&#8221;33px&#8221;][\/vc_column][\/vc_row]<\/p>\n","protected":false},"author":1,"featured_media":0,"parent":0,"menu_order":0,"comment_status":"closed","ping_status":"closed","template":"full-width.php","meta":{"footnotes":""},"class_list":["post-1059","page","type-page","status-publish","hentry"],"_links":{"self":[{"href":"https:\/\/www.caffebar-tonci.hr\/shop\/wp-json\/wp\/v2\/pages\/1059","targetHints":{"allow":["GET"]}}],"collection":[{"href":"https:\/\/www.caffebar-tonci.hr\/shop\/wp-json\/wp\/v2\/pages"}],"about":[{"href":"https:\/\/www.caffebar-tonci.hr\/shop\/wp-json\/wp\/v2\/types\/page"}],"author":[{"embeddable":true,"href":"https:\/\/www.caffebar-tonci.hr\/shop\/wp-json\/wp\/v2\/users\/1"}],"replies":[{"embeddable":true,"href":"https:\/\/www.caffebar-tonci.hr\/shop\/wp-json\/wp\/v2\/comments?post=1059"}],"version-history":[{"count":23,"href":"https:\/\/www.caffebar-tonci.hr\/shop\/wp-json\/wp\/v2\/pages\/1059\/revisions"}],"predecessor-version":[{"id":5086,"href":"https:\/\/www.caffebar-tonci.hr\/shop\/wp-json\/wp\/v2\/pages\/1059\/revisions\/5086"}],"wp:attachment":[{"href":"https:\/\/www.caffebar-tonci.hr\/shop\/wp-json\/wp\/v2\/media?parent=1059"}],"curies":[{"name":"wp","href":"https:\/\/api.w.org\/{rel}","templated":true}]}}